{"id":278,"date":"2021-06-27T00:41:35","date_gmt":"2021-06-27T00:41:35","guid":{"rendered":"http:\/\/literariacentro.org\/revista-3\/?page_id=278"},"modified":"2024-10-30T02:38:37","modified_gmt":"2024-10-30T02:38:37","slug":"muerte-fertil","status":"publish","type":"page","link":"https:\/\/literariacentro.org\/revista-3\/muerte-fertil\/","title":{"rendered":"#3. La muerte f\u00e9rtil"},"content":{"rendered":"<p><span style=\"font-family: 'book antiqua', palatino, serif; font-size: 10pt;\">Imagen: Jos\u00e9 Guadalupe Posada.\u00a0<\/span><\/p>\n<p style=\"text-align: justify;\"><span style=\"font-family: 'book antiqua', palatino, serif; font-size: 14pt;\">En el antiguo Egipto, Osiris representaba la muerte f\u00e9rtil: sin \u00e9l, ninguna vida era posible. Cada a\u00f1o, la crecida del Nilo arrastraba a su paso el conjunto de lo extinto, cubriendo al imperio de un olor nauseabundo. Meses m\u00e1s tarde, tras el retiro de las aguas, las tierras reci\u00e9n descubiertas, exuberantes y ub\u00e9rrimas, regalaban por doquier la vida nueva. El dios de los funerales y de la resurrecci\u00f3n, Osiris, nos recuerda que si bien vamos de paso, la muerte es s\u00f3lo el umbral para el renacimiento. Llamados a la eternidad, debemos encontrar en lo profundo del coraz\u00f3n la gu\u00eda para ascender al infinito. <\/span><span style=\"font-family: 'book antiqua', palatino, serif; font-size: 14pt;\">En este n\u00famero de la Revista Literaria revisitamos el misterio. <\/span><\/p>\n<p style=\"text-align: justify;\"><span style=\"font-family: 'book antiqua', palatino, serif; font-size: 14pt;\"><span style=\"font-size: 14pt;\"><a href=\"https:\/\/literariacentro.org\/revista-3\/textos\/no-sin-mi-reflejo\/\"><span style=\"font-family: 'book antiqua', palatino, serif;\">No sin mi reflejo<\/span><\/a><\/span>, de Isabel Mu\u00f1oz, nos muestra un portal hacia el extra\u00f1amiento de nosotros mismos. <a href=\"https:\/\/literariacentro.org\/revista-3\/textos\/cucaracha-de-reflexiones\/\">Cucaracha de reflexiones o reflexiones de cucaracha<\/a>, prosa po\u00e9tica de Christophorus Robin, nos llena de asombro ante el eterno retorno de lo muerto y de lo vivo. Gabriela Gonz\u00e1lez nos recuerda en <span style=\"font-size: 14pt;\"><a href=\"https:\/\/literariacentro.org\/revista-3\/textos\/mi-iceberg\/\"><span style=\"font-family: 'book antiqua', palatino, serif;\">Mi iceberg<\/span><\/a><\/span>, la muerte y resurrecci\u00f3n del ser amado.<span style=\"font-size: 14pt;\"> <a href=\"https:\/\/literariacentro.org\/revista-3\/textos\/maria-negra\/\"><span style=\"font-family: 'book antiqua', palatino, serif;\">Mar\u00eda negra<\/span><\/a><\/span>, de la autor\u00eda de Camilo Villegas Restrepo, retrata la larga espera de una muerte bendita. Graham Stanley ilumina un fresco de a\u00f1oranza en <span style=\"font-size: 14pt;\"><a href=\"https:\/\/literariacentro.org\/revista-3\/textos\/las-senoras-yapp-y-lamb\/\"><span style=\"font-family: 'book antiqua', palatino, serif;\">Las se\u00f1oras Yapp y Lamb<\/span><\/a><\/span>, mientras que con\u00a0 <span style=\"font-size: 14pt;\"><a href=\"https:\/\/literariacentro.org\/revista-3\/textos\/mision-planeta-tierra\/\"><span style=\"font-family: 'book antiqua', palatino, serif;\">Misi\u00f3n planeta Tierra,<\/span><\/a><\/span> Roc\u00edo Cornelio juega con la idea de un ir y venir de toda alma en pos del perfeccionamiento. Ricardo Garc\u00eda evoca con <span style=\"font-size: 14pt;\"><a href=\"https:\/\/literariacentro.org\/revista-3\/textos\/el-ladron-y-la-dama\/\"><span style=\"font-family: 'book antiqua', palatino, serif;\">El ladr\u00f3n y la dama<\/span><\/a><\/span>, las viejas leyendas sobre aparecidos. Por \u00faltimo, Vanessa Fern\u00e1ndez Carlos nos brinda <a href=\"https:\/\/literariacentro.org\/revista-3\/textos\/tres-poemas\/\"><span style=\"font-size: 14pt;\"><span style=\"font-family: 'book antiqua', palatino, serif;\">Tres poemas<\/span><\/span><\/a> de la revelaci\u00f3n, mientras que Carlos Andr\u00e9s Rivera Olvera cierra el ciclo con su poema de esperanza <\/span><a style=\"text-align: center; font-size: 14pt;\" href=\"https:\/\/literariacentro.org\/revista-3\/textos\/inicio\/\"><span style=\"font-family: 'book antiqua', palatino, serif;\">Inicio.<\/span><\/a><\/p>\n<p style=\"text-align: center;\"><span style=\"color: #ffffff;\">***<\/span><\/p>\n<div class=\"wp-block-image\"><\/div>\n<div class=\"wp-block-image\">\n<figure><\/figure>\n<figure class=\"aligncenter\"><img loading=\"lazy\" decoding=\"async\" class=\"wp-image-1922 aligncenter\" src=\"https:\/\/www.literariacentro.org\/wp-content\/uploads\/2017\/06\/Screen-Shot-2017-06-01-at-1.15.03-PM-300x300.png\" alt=\"\" width=\"243\" height=\"243\" \/><\/figure>\n<p style=\"text-align: center;\"><span style=\"color: #ffffff;\">***<\/span><\/p>\n<\/div>\n<div class=\"wp-block-columns\">\n<div class=\"wp-block-column\">\n<div><\/div>\n<div class=\"wp-block-image\" style=\"text-align: center;\"><span style=\"font-family: 'book antiqua', palatino, serif; font-size: 14pt;\">Director de Literaria Centro Mexicano de Escritores <\/span><\/div>\n<div class=\"wp-block-image\" style=\"text-align: center;\"><span style=\"font-family: 'book antiqua', palatino, serif; font-size: 14pt;\">Antonio Santiago\u00a0<\/span><\/div>\n<div><\/div>\n<div style=\"text-align: center;\"><span style=\"color: #ffffff;\">***<\/span><\/div>\n<div style=\"text-align: center;\"><span style=\"color: #ffffff;\">***<\/span><\/div>\n<div><\/div>\n<div><\/div>\n<div class=\"wp-block-image\" style=\"text-align: center;\"><span style=\"font-family: 'book antiqua', palatino, serif; font-size: 14pt;\">Coordinador editorial de la Revista Literaria <\/span><\/div>\n<div class=\"wp-block-image\" style=\"text-align: center;\"><span style=\"font-family: 'book antiqua', palatino, serif; font-size: 14pt;\">Rodrigo Murgu\u00eda<\/span><\/div>\n<\/div>\n<\/div>\n<p>&nbsp;<\/p>\n<p>&nbsp;<\/p>\n<p>&nbsp;<\/p>\n","protected":false},"excerpt":{"rendered":"<p>Imagen: Jos\u00e9 Guadalupe Posada.\u00a0 En el antiguo Egipto, Osiris representaba la muerte f\u00e9rtil: sin \u00e9l, ninguna vida era posible. Cada a\u00f1o, la crecida del Nilo arrastraba a su paso el conjunto de lo extinto, cubriendo al imperio de un olor nauseabundo. Meses m\u00e1s tarde, tras el retiro de las aguas, las tierras reci\u00e9n descubiertas, exuberantes [&hellip;]<\/p>\n","protected":false},"author":1,"featured_media":626,"parent":0,"menu_order":0,"comment_status":"closed","ping_status":"closed","template":"","meta":{"footnotes":""},"class_list":["post-278","page","type-page","status-publish","has-post-thumbnail","hentry"],"yoast_head":"<!-- This site is optimized with the Yoast SEO plugin v26.7 - https:\/\/yoast.com\/wordpress\/plugins\/seo\/ -->\n<title>#3. La muerte f\u00e9rtil - Revista Literaria<\/title>\n<meta name=\"robots\" content=\"index, follow, max-snippet:-1, max-image-preview:large, max-video-preview:-1\" \/>\n<link rel=\"canonical\" href=\"https:\/\/literariacentro.org\/revista-3\/muerte-fertil\/\" \/>\n<meta property=\"og:locale\" content=\"es_ES\" \/>\n<meta property=\"og:type\" content=\"article\" \/>\n<meta property=\"og:title\" content=\"#3. La muerte f\u00e9rtil - Revista Literaria\" \/>\n<meta property=\"og:description\" content=\"Imagen: Jos\u00e9 Guadalupe Posada.\u00a0 En el antiguo Egipto, Osiris representaba la muerte f\u00e9rtil: sin \u00e9l, ninguna vida era posible. Cada a\u00f1o, la crecida del Nilo arrastraba a su paso el conjunto de lo extinto, cubriendo al imperio de un olor nauseabundo. Meses m\u00e1s tarde, tras el retiro de las aguas, las tierras reci\u00e9n descubiertas, exuberantes [&hellip;]\" \/>\n<meta property=\"og:url\" content=\"https:\/\/literariacentro.org\/revista-3\/muerte-fertil\/\" \/>\n<meta property=\"og:site_name\" content=\"Revista Literaria\" \/>\n<meta property=\"article:publisher\" content=\"https:\/\/www.facebook.com\/LiterariaCentro\" \/>\n<meta property=\"article:modified_time\" content=\"2024-10-30T02:38:37+00:00\" \/>\n<meta property=\"og:image\" content=\"https:\/\/literariacentro.org\/revista-3\/wp-content\/uploads\/2024\/10\/Muerte-fertil.jpg\" \/>\n\t<meta property=\"og:image:width\" content=\"2440\" \/>\n\t<meta property=\"og:image:height\" content=\"1376\" \/>\n\t<meta property=\"og:image:type\" content=\"image\/jpeg\" \/>\n<meta name=\"twitter:card\" content=\"summary_large_image\" \/>\n<meta name=\"twitter:label1\" content=\"Tiempo de lectura\" \/>\n\t<meta name=\"twitter:data1\" content=\"2 minutos\" \/>\n<script type=\"application\/ld+json\" class=\"yoast-schema-graph\">{\"@context\":\"https:\/\/schema.org\",\"@graph\":[{\"@type\":\"WebPage\",\"@id\":\"https:\/\/literariacentro.org\/revista-3\/muerte-fertil\/\",\"url\":\"https:\/\/literariacentro.org\/revista-3\/muerte-fertil\/\",\"name\":\"#3. La muerte f\u00e9rtil - Revista Literaria\",\"isPartOf\":{\"@id\":\"https:\/\/literariacentro.org\/revista-3\/#website\"},\"primaryImageOfPage\":{\"@id\":\"https:\/\/literariacentro.org\/revista-3\/muerte-fertil\/#primaryimage\"},\"image\":{\"@id\":\"https:\/\/literariacentro.org\/revista-3\/muerte-fertil\/#primaryimage\"},\"thumbnailUrl\":\"https:\/\/literariacentro.org\/revista-3\/wp-content\/uploads\/2024\/10\/Muerte-fertil.jpg\",\"datePublished\":\"2021-06-27T00:41:35+00:00\",\"dateModified\":\"2024-10-30T02:38:37+00:00\",\"breadcrumb\":{\"@id\":\"https:\/\/literariacentro.org\/revista-3\/muerte-fertil\/#breadcrumb\"},\"inLanguage\":\"es\",\"potentialAction\":[{\"@type\":\"ReadAction\",\"target\":[\"https:\/\/literariacentro.org\/revista-3\/muerte-fertil\/\"]}]},{\"@type\":\"ImageObject\",\"inLanguage\":\"es\",\"@id\":\"https:\/\/literariacentro.org\/revista-3\/muerte-fertil\/#primaryimage\",\"url\":\"https:\/\/literariacentro.org\/revista-3\/wp-content\/uploads\/2024\/10\/Muerte-fertil.jpg\",\"contentUrl\":\"https:\/\/literariacentro.org\/revista-3\/wp-content\/uploads\/2024\/10\/Muerte-fertil.jpg\",\"width\":2440,\"height\":1376},{\"@type\":\"BreadcrumbList\",\"@id\":\"https:\/\/literariacentro.org\/revista-3\/muerte-fertil\/#breadcrumb\",\"itemListElement\":[{\"@type\":\"ListItem\",\"position\":1,\"name\":\"Inicio\",\"item\":\"https:\/\/literariacentro.org\/revista-3\/\"},{\"@type\":\"ListItem\",\"position\":2,\"name\":\"#3. La muerte f\u00e9rtil\"}]},{\"@type\":\"WebSite\",\"@id\":\"https:\/\/literariacentro.org\/revista-3\/#website\",\"url\":\"https:\/\/literariacentro.org\/revista-3\/\",\"name\":\"Revista Literaria\",\"description\":\"Expresi&oacute;n de nuestra comunidad\",\"publisher\":{\"@id\":\"https:\/\/literariacentro.org\/revista-3\/#organization\"},\"potentialAction\":[{\"@type\":\"SearchAction\",\"target\":{\"@type\":\"EntryPoint\",\"urlTemplate\":\"https:\/\/literariacentro.org\/revista-3\/?s={search_term_string}\"},\"query-input\":{\"@type\":\"PropertyValueSpecification\",\"valueRequired\":true,\"valueName\":\"search_term_string\"}}],\"inLanguage\":\"es\"},{\"@type\":\"Organization\",\"@id\":\"https:\/\/literariacentro.org\/revista-3\/#organization\",\"name\":\"Literaria Centro Mexicano de Escritores\",\"url\":\"https:\/\/literariacentro.org\/revista-3\/\",\"logo\":{\"@type\":\"ImageObject\",\"inLanguage\":\"es\",\"@id\":\"https:\/\/literariacentro.org\/revista-3\/#\/schema\/logo\/image\/\",\"url\":\"http:\/\/literariacentro.org\/revista-3\/wp-content\/uploads\/2021\/03\/cropped-cropped-literaria1-1.png\",\"contentUrl\":\"http:\/\/literariacentro.org\/revista-3\/wp-content\/uploads\/2021\/03\/cropped-cropped-literaria1-1.png\",\"width\":1768,\"height\":582,\"caption\":\"Literaria Centro Mexicano de Escritores\"},\"image\":{\"@id\":\"https:\/\/literariacentro.org\/revista-3\/#\/schema\/logo\/image\/\"},\"sameAs\":[\"https:\/\/www.facebook.com\/LiterariaCentro\"]}]}<\/script>\n<!-- \/ Yoast SEO plugin. -->","yoast_head_json":{"title":"#3. La muerte f\u00e9rtil - Revista Literaria","robots":{"index":"index","follow":"follow","max-snippet":"max-snippet:-1","max-image-preview":"max-image-preview:large","max-video-preview":"max-video-preview:-1"},"canonical":"https:\/\/literariacentro.org\/revista-3\/muerte-fertil\/","og_locale":"es_ES","og_type":"article","og_title":"#3. La muerte f\u00e9rtil - Revista Literaria","og_description":"Imagen: Jos\u00e9 Guadalupe Posada.\u00a0 En el antiguo Egipto, Osiris representaba la muerte f\u00e9rtil: sin \u00e9l, ninguna vida era posible. Cada a\u00f1o, la crecida del Nilo arrastraba a su paso el conjunto de lo extinto, cubriendo al imperio de un olor nauseabundo. Meses m\u00e1s tarde, tras el retiro de las aguas, las tierras reci\u00e9n descubiertas, exuberantes [&hellip;]","og_url":"https:\/\/literariacentro.org\/revista-3\/muerte-fertil\/","og_site_name":"Revista Literaria","article_publisher":"https:\/\/www.facebook.com\/LiterariaCentro","article_modified_time":"2024-10-30T02:38:37+00:00","og_image":[{"width":2440,"height":1376,"url":"https:\/\/literariacentro.org\/revista-3\/wp-content\/uploads\/2024\/10\/Muerte-fertil.jpg","type":"image\/jpeg"}],"twitter_card":"summary_large_image","twitter_misc":{"Tiempo de lectura":"2 minutos"},"schema":{"@context":"https:\/\/schema.org","@graph":[{"@type":"WebPage","@id":"https:\/\/literariacentro.org\/revista-3\/muerte-fertil\/","url":"https:\/\/literariacentro.org\/revista-3\/muerte-fertil\/","name":"#3. La muerte f\u00e9rtil - Revista Literaria","isPartOf":{"@id":"https:\/\/literariacentro.org\/revista-3\/#website"},"primaryImageOfPage":{"@id":"https:\/\/literariacentro.org\/revista-3\/muerte-fertil\/#primaryimage"},"image":{"@id":"https:\/\/literariacentro.org\/revista-3\/muerte-fertil\/#primaryimage"},"thumbnailUrl":"https:\/\/literariacentro.org\/revista-3\/wp-content\/uploads\/2024\/10\/Muerte-fertil.jpg","datePublished":"2021-06-27T00:41:35+00:00","dateModified":"2024-10-30T02:38:37+00:00","breadcrumb":{"@id":"https:\/\/literariacentro.org\/revista-3\/muerte-fertil\/#breadcrumb"},"inLanguage":"es","potentialAction":[{"@type":"ReadAction","target":["https:\/\/literariacentro.org\/revista-3\/muerte-fertil\/"]}]},{"@type":"ImageObject","inLanguage":"es","@id":"https:\/\/literariacentro.org\/revista-3\/muerte-fertil\/#primaryimage","url":"https:\/\/literariacentro.org\/revista-3\/wp-content\/uploads\/2024\/10\/Muerte-fertil.jpg","contentUrl":"https:\/\/literariacentro.org\/revista-3\/wp-content\/uploads\/2024\/10\/Muerte-fertil.jpg","width":2440,"height":1376},{"@type":"BreadcrumbList","@id":"https:\/\/literariacentro.org\/revista-3\/muerte-fertil\/#breadcrumb","itemListElement":[{"@type":"ListItem","position":1,"name":"Inicio","item":"https:\/\/literariacentro.org\/revista-3\/"},{"@type":"ListItem","position":2,"name":"#3. La muerte f\u00e9rtil"}]},{"@type":"WebSite","@id":"https:\/\/literariacentro.org\/revista-3\/#website","url":"https:\/\/literariacentro.org\/revista-3\/","name":"Revista Literaria","description":"Expresi&oacute;n de nuestra comunidad","publisher":{"@id":"https:\/\/literariacentro.org\/revista-3\/#organization"},"potentialAction":[{"@type":"SearchAction","target":{"@type":"EntryPoint","urlTemplate":"https:\/\/literariacentro.org\/revista-3\/?s={search_term_string}"},"query-input":{"@type":"PropertyValueSpecification","valueRequired":true,"valueName":"search_term_string"}}],"inLanguage":"es"},{"@type":"Organization","@id":"https:\/\/literariacentro.org\/revista-3\/#organization","name":"Literaria Centro Mexicano de Escritores","url":"https:\/\/literariacentro.org\/revista-3\/","logo":{"@type":"ImageObject","inLanguage":"es","@id":"https:\/\/literariacentro.org\/revista-3\/#\/schema\/logo\/image\/","url":"http:\/\/literariacentro.org\/revista-3\/wp-content\/uploads\/2021\/03\/cropped-cropped-literaria1-1.png","contentUrl":"http:\/\/literariacentro.org\/revista-3\/wp-content\/uploads\/2021\/03\/cropped-cropped-literaria1-1.png","width":1768,"height":582,"caption":"Literaria Centro Mexicano de Escritores"},"image":{"@id":"https:\/\/literariacentro.org\/revista-3\/#\/schema\/logo\/image\/"},"sameAs":["https:\/\/www.facebook.com\/LiterariaCentro"]}]}},"_links":{"self":[{"href":"https:\/\/literariacentro.org\/revista-3\/wp-json\/wp\/v2\/pages\/278","targetHints":{"allow":["GET"]}}],"collection":[{"href":"https:\/\/literariacentro.org\/revista-3\/wp-json\/wp\/v2\/pages"}],"about":[{"href":"https:\/\/literariacentro.org\/revista-3\/wp-json\/wp\/v2\/types\/page"}],"author":[{"embeddable":true,"href":"https:\/\/literariacentro.org\/revista-3\/wp-json\/wp\/v2\/users\/1"}],"replies":[{"embeddable":true,"href":"https:\/\/literariacentro.org\/revista-3\/wp-json\/wp\/v2\/comments?post=278"}],"version-history":[{"count":109,"href":"https:\/\/literariacentro.org\/revista-3\/wp-json\/wp\/v2\/pages\/278\/revisions"}],"predecessor-version":[{"id":644,"href":"https:\/\/literariacentro.org\/revista-3\/wp-json\/wp\/v2\/pages\/278\/revisions\/644"}],"wp:featuredmedia":[{"embeddable":true,"href":"https:\/\/literariacentro.org\/revista-3\/wp-json\/wp\/v2\/media\/626"}],"wp:attachment":[{"href":"https:\/\/literariacentro.org\/revista-3\/wp-json\/wp\/v2\/media?parent=278"}],"curies":[{"name":"wp","href":"https:\/\/api.w.org\/{rel}","templated":true}]}}