{"id":278,"date":"2021-06-27T00:41:35","date_gmt":"2021-06-27T00:41:35","guid":{"rendered":"http:\/\/literariacentro.org\/revista-4\/?page_id=278"},"modified":"2024-12-16T00:14:09","modified_gmt":"2024-12-16T00:14:09","slug":"novela-revolucion","status":"publish","type":"page","link":"https:\/\/literariacentro.org\/revista-4\/novela-revolucion\/","title":{"rendered":"#4. Novela de la Revoluci\u00f3n"},"content":{"rendered":"<p>&nbsp;<\/p>\n<p style=\"text-align: justify;\"><span style=\"font-size: 14pt; font-family: 'book antiqua', palatino, serif;\">La Novela de la Revoluci\u00f3n ha sido fuente de identidad para las letras mexicanas. Sus influjos a\u00fan se hacen sentir, para bien y para mal, en el realismo en muchas ocasiones asfixiante de nuestra tradici\u00f3n literaria. <\/span><\/p>\n<p style=\"text-align: justify;\"><span style=\"font-size: 14pt; font-family: 'book antiqua', palatino, serif;\">\u00a0 \u00a0Como toda pasi\u00f3n, nos ha permitido conocernos, pero tambi\u00e9n alejarnos de nuestra esencia anterior y futura. \u00bfC\u00f3mo ser\u00eda escribir m\u00e1s all\u00e1 de la Revoluci\u00f3n? Quiz\u00e1 volar como lo hacen Efr\u00e9n Hern\u00e1ndez, Jos\u00e9 Revueltas y Juan Rulfo, a quienes no hallan c\u00f3mo edulcorar sin ponerse en evidencia. <\/span><\/p>\n<p style=\"text-align: justify;\"><span style=\"font-size: 14pt; font-family: 'book antiqua', palatino, serif;\">\u00a0 \u00a0Toda tradici\u00f3n, para ser benigna, debe vivirse por dentro, pero tambi\u00e9n comprenderse desde fuera. En este n\u00famero de la Revista Literaria escriben Sergio H. Garc\u00eda, que en <a href=\"https:\/\/literariacentro.org\/revista-4\/textos\/revolucion-y-ruptura-del-mito\/\">Revoluci\u00f3n: ruptura del mito<\/a> enarbola dicho esfuerzo. <\/span><span style=\"font-size: 14pt; font-family: 'book antiqua', palatino, serif;\">En <a href=\"https:\/\/literariacentro.org\/revista-4\/textos\/aqui-no-vive-mexico\/\">Aqu\u00ed no vive M\u00e9xico<\/a>, David A. Sida Medina se cuestiona qui\u00e9n decide lo que es o no es mexicano, y con qu\u00e9 intenciones. Concepci\u00f3n Ocadiz nos brinda <\/span><span style=\"font-family: 'book antiqua', palatino, serif; font-size: 18.6667px;\">en su texto <a href=\"https:\/\/literariacentro.org\/revista-4\/textos\/balas-de-esperanza\/\">Balas de esperanza<\/a>, u<\/span><span style=\"font-family: 'book antiqua', palatino, serif; font-size: 14pt;\">n v\u00edvido an\u00e1lisis de Los de abajo, novela inaugural del g\u00e9nero. Jos\u00e9 Palomares Santos analiza la obra de Mariano Azuela y hace un comparativo con otros esfuerzos de corte hist\u00f3rico en <a href=\"https:\/\/literariacentro.org\/revista-4\/textos\/el-peso-del-atraso\/\">El peso del atraso<\/a>. <\/span><\/p>\n<p style=\"text-align: justify;\"><span style=\"font-family: 'book antiqua', palatino, serif; font-size: 14pt;\">\u00a0 \u00a0Por su parte, Humberto Or\u00edgenes Romero en su texto <a href=\"https:\/\/literariacentro.org\/revista-4\/textos\/cartucho\/\">Cartucho<\/a>, realiza una interpretaci\u00f3n del personaje de Nellie Campobello creado por Francisca Moya. En <a href=\"https:\/\/literariacentro.org\/revista-4\/textos\/novela-clasica\/\">Una novela cl\u00e1sica<\/a>, Gabriela Trejo subraya uno de los aportes de Mariano Azuela: presentar como personajes a la gente del pueblo com\u00fan. M\u00e1s all\u00e1 de la guerra civil, Esther Orozco nos relata en <a href=\"https:\/\/literariacentro.org\/revista-4\/textos\/san-isidro\/\">San Isidro, Julia y la Revoluci\u00f3n<\/a> <\/span><span style=\"font-family: 'book antiqua', palatino, serif; font-size: 14pt;\">las tradiciones de su pueblo natal. Annabell D\u00edaz Su\u00e1rez nos comparte un cuento estupendo: <a href=\"https:\/\/literariacentro.org\/revista-4\/textos\/suerte-de-un-enterrador\/\">La suerte del enterrador<\/a>, mientras que Ricardo Garc\u00eda en su <a href=\"https:\/\/literariacentro.org\/revista-4\/textos\/las-mascaras\/\">Se\u00f1or de las m\u00e1scaras<\/a> nos brinda una rese\u00f1a de una obra que deconstruye la Revoluci\u00f3n misma.\u00a0<\/span><\/p>\n<p style=\"text-align: justify;\"><span style=\"font-family: 'book antiqua', palatino, serif; font-size: 14pt;\">\u00a0 \u00a0Esperamos que disfruten este n\u00famero.\u00a0<\/span><\/p>\n<p>&nbsp;<\/p>\n<div class=\"wp-block-image\">\n<figure><\/figure>\n<figure class=\"aligncenter\"><img loading=\"lazy\" decoding=\"async\" class=\"wp-image-1922 aligncenter\" src=\"https:\/\/www.literariacentro.org\/wp-content\/uploads\/2017\/06\/Screen-Shot-2017-06-01-at-1.15.03-PM-300x300.png\" alt=\"\" width=\"243\" height=\"243\" \/><\/figure>\n<\/div>\n<div class=\"wp-block-columns\">\n<div class=\"wp-block-column\">\n<div class=\"wp-block-image\" style=\"text-align: center;\">\n<div class=\"wp-block-columns\">\n<div class=\"wp-block-column\">\n<div><span style=\"color: #ffffff;\">***<\/span><\/div>\n<div><\/div>\n<div class=\"wp-block-image\"><span style=\"font-family: 'book antiqua', palatino, serif; font-size: 14pt;\">Director de Literaria Centro Mexicano de Escritores<\/span><\/div>\n<div class=\"wp-block-image\"><span style=\"font-family: 'book antiqua', palatino, serif; font-size: 14pt;\">Antonio Santiago\u00a0<\/span><\/div>\n<div><\/div>\n<div><span style=\"font-family: 'book antiqua', palatino, serif; font-size: 14pt; color: #ffffff;\">***<\/span><\/div>\n<div><span style=\"font-family: 'book antiqua', palatino, serif; font-size: 14pt; color: #ffffff;\">***<\/span><\/div>\n<div class=\"wp-block-image\"><span style=\"font-family: 'book antiqua', palatino, serif; font-size: 14pt;\">Coordinador editorial de la Revista Literaria<\/span><\/div>\n<div class=\"wp-block-image\"><span style=\"font-family: 'book antiqua', palatino, serif; font-size: 14pt;\">Rodrigo Murgu\u00eda<\/span><\/div>\n<\/div>\n<\/div>\n<\/div>\n<\/div>\n<\/div>\n","protected":false},"excerpt":{"rendered":"<p>&nbsp; La Novela de la Revoluci\u00f3n ha sido fuente de identidad para las letras mexicanas. Sus influjos a\u00fan se hacen sentir, para bien y para mal, en el realismo en muchas ocasiones asfixiante de nuestra tradici\u00f3n literaria. \u00a0 \u00a0Como toda pasi\u00f3n, nos ha permitido conocernos, pero tambi\u00e9n alejarnos de nuestra esencia anterior y futura. \u00bfC\u00f3mo [&hellip;]<\/p>\n","protected":false},"author":1,"featured_media":549,"parent":0,"menu_order":0,"comment_status":"closed","ping_status":"closed","template":"","meta":{"footnotes":""},"class_list":["post-278","page","type-page","status-publish","has-post-thumbnail","hentry"],"yoast_head":"<!-- This site is optimized with the Yoast SEO plugin v26.7 - https:\/\/yoast.com\/wordpress\/plugins\/seo\/ -->\n<title>#4. Novela de la Revoluci\u00f3n - Revista Literaria<\/title>\n<meta name=\"robots\" content=\"index, follow, max-snippet:-1, max-image-preview:large, max-video-preview:-1\" \/>\n<link rel=\"canonical\" href=\"https:\/\/literariacentro.org\/revista-4\/novela-revolucion\/\" \/>\n<meta property=\"og:locale\" content=\"es_ES\" \/>\n<meta property=\"og:type\" content=\"article\" \/>\n<meta property=\"og:title\" content=\"#4. Novela de la Revoluci\u00f3n - Revista Literaria\" \/>\n<meta property=\"og:description\" content=\"&nbsp; La Novela de la Revoluci\u00f3n ha sido fuente de identidad para las letras mexicanas. Sus influjos a\u00fan se hacen sentir, para bien y para mal, en el realismo en muchas ocasiones asfixiante de nuestra tradici\u00f3n literaria. \u00a0 \u00a0Como toda pasi\u00f3n, nos ha permitido conocernos, pero tambi\u00e9n alejarnos de nuestra esencia anterior y futura. \u00bfC\u00f3mo [&hellip;]\" \/>\n<meta property=\"og:url\" content=\"https:\/\/literariacentro.org\/revista-4\/novela-revolucion\/\" \/>\n<meta property=\"og:site_name\" content=\"Revista Literaria\" \/>\n<meta property=\"article:publisher\" content=\"https:\/\/www.facebook.com\/LiterariaCentro\" \/>\n<meta property=\"article:modified_time\" content=\"2024-12-16T00:14:09+00:00\" \/>\n<meta property=\"og:image\" content=\"https:\/\/literariacentro.org\/revista-4\/wp-content\/uploads\/2024\/11\/Indice.jpg\" \/>\n\t<meta property=\"og:image:width\" content=\"2334\" \/>\n\t<meta property=\"og:image:height\" content=\"1252\" \/>\n\t<meta property=\"og:image:type\" content=\"image\/jpeg\" \/>\n<meta name=\"twitter:card\" content=\"summary_large_image\" \/>\n<meta name=\"twitter:label1\" content=\"Tiempo de lectura\" \/>\n\t<meta name=\"twitter:data1\" content=\"2 minutos\" \/>\n<script type=\"application\/ld+json\" class=\"yoast-schema-graph\">{\"@context\":\"https:\/\/schema.org\",\"@graph\":[{\"@type\":\"WebPage\",\"@id\":\"https:\/\/literariacentro.org\/revista-4\/novela-revolucion\/\",\"url\":\"https:\/\/literariacentro.org\/revista-4\/novela-revolucion\/\",\"name\":\"#4. Novela de la Revoluci\u00f3n - Revista Literaria\",\"isPartOf\":{\"@id\":\"https:\/\/literariacentro.org\/revista-4\/#website\"},\"primaryImageOfPage\":{\"@id\":\"https:\/\/literariacentro.org\/revista-4\/novela-revolucion\/#primaryimage\"},\"image\":{\"@id\":\"https:\/\/literariacentro.org\/revista-4\/novela-revolucion\/#primaryimage\"},\"thumbnailUrl\":\"https:\/\/literariacentro.org\/revista-4\/wp-content\/uploads\/2024\/11\/Indice.jpg\",\"datePublished\":\"2021-06-27T00:41:35+00:00\",\"dateModified\":\"2024-12-16T00:14:09+00:00\",\"breadcrumb\":{\"@id\":\"https:\/\/literariacentro.org\/revista-4\/novela-revolucion\/#breadcrumb\"},\"inLanguage\":\"es\",\"potentialAction\":[{\"@type\":\"ReadAction\",\"target\":[\"https:\/\/literariacentro.org\/revista-4\/novela-revolucion\/\"]}]},{\"@type\":\"ImageObject\",\"inLanguage\":\"es\",\"@id\":\"https:\/\/literariacentro.org\/revista-4\/novela-revolucion\/#primaryimage\",\"url\":\"https:\/\/literariacentro.org\/revista-4\/wp-content\/uploads\/2024\/11\/Indice.jpg\",\"contentUrl\":\"https:\/\/literariacentro.org\/revista-4\/wp-content\/uploads\/2024\/11\/Indice.jpg\",\"width\":2334,\"height\":1252},{\"@type\":\"BreadcrumbList\",\"@id\":\"https:\/\/literariacentro.org\/revista-4\/novela-revolucion\/#breadcrumb\",\"itemListElement\":[{\"@type\":\"ListItem\",\"position\":1,\"name\":\"Inicio\",\"item\":\"https:\/\/literariacentro.org\/revista-4\/\"},{\"@type\":\"ListItem\",\"position\":2,\"name\":\"#4. Novela de la Revoluci\u00f3n\"}]},{\"@type\":\"WebSite\",\"@id\":\"https:\/\/literariacentro.org\/revista-4\/#website\",\"url\":\"https:\/\/literariacentro.org\/revista-4\/\",\"name\":\"Revista Literaria\",\"description\":\"Expresi&oacute;n de nuestra comunidad\",\"publisher\":{\"@id\":\"https:\/\/literariacentro.org\/revista-4\/#organization\"},\"potentialAction\":[{\"@type\":\"SearchAction\",\"target\":{\"@type\":\"EntryPoint\",\"urlTemplate\":\"https:\/\/literariacentro.org\/revista-4\/?s={search_term_string}\"},\"query-input\":{\"@type\":\"PropertyValueSpecification\",\"valueRequired\":true,\"valueName\":\"search_term_string\"}}],\"inLanguage\":\"es\"},{\"@type\":\"Organization\",\"@id\":\"https:\/\/literariacentro.org\/revista-4\/#organization\",\"name\":\"Literaria Centro Mexicano de Escritores\",\"url\":\"https:\/\/literariacentro.org\/revista-4\/\",\"logo\":{\"@type\":\"ImageObject\",\"inLanguage\":\"es\",\"@id\":\"https:\/\/literariacentro.org\/revista-4\/#\/schema\/logo\/image\/\",\"url\":\"http:\/\/literariacentro.org\/revista-4\/wp-content\/uploads\/2021\/03\/cropped-cropped-literaria1-1.png\",\"contentUrl\":\"http:\/\/literariacentro.org\/revista-4\/wp-content\/uploads\/2021\/03\/cropped-cropped-literaria1-1.png\",\"width\":1768,\"height\":582,\"caption\":\"Literaria Centro Mexicano de Escritores\"},\"image\":{\"@id\":\"https:\/\/literariacentro.org\/revista-4\/#\/schema\/logo\/image\/\"},\"sameAs\":[\"https:\/\/www.facebook.com\/LiterariaCentro\"]}]}<\/script>\n<!-- \/ Yoast SEO plugin. -->","yoast_head_json":{"title":"#4. Novela de la Revoluci\u00f3n - Revista Literaria","robots":{"index":"index","follow":"follow","max-snippet":"max-snippet:-1","max-image-preview":"max-image-preview:large","max-video-preview":"max-video-preview:-1"},"canonical":"https:\/\/literariacentro.org\/revista-4\/novela-revolucion\/","og_locale":"es_ES","og_type":"article","og_title":"#4. Novela de la Revoluci\u00f3n - Revista Literaria","og_description":"&nbsp; La Novela de la Revoluci\u00f3n ha sido fuente de identidad para las letras mexicanas. Sus influjos a\u00fan se hacen sentir, para bien y para mal, en el realismo en muchas ocasiones asfixiante de nuestra tradici\u00f3n literaria. \u00a0 \u00a0Como toda pasi\u00f3n, nos ha permitido conocernos, pero tambi\u00e9n alejarnos de nuestra esencia anterior y futura. \u00bfC\u00f3mo [&hellip;]","og_url":"https:\/\/literariacentro.org\/revista-4\/novela-revolucion\/","og_site_name":"Revista Literaria","article_publisher":"https:\/\/www.facebook.com\/LiterariaCentro","article_modified_time":"2024-12-16T00:14:09+00:00","og_image":[{"width":2334,"height":1252,"url":"https:\/\/literariacentro.org\/revista-4\/wp-content\/uploads\/2024\/11\/Indice.jpg","type":"image\/jpeg"}],"twitter_card":"summary_large_image","twitter_misc":{"Tiempo de lectura":"2 minutos"},"schema":{"@context":"https:\/\/schema.org","@graph":[{"@type":"WebPage","@id":"https:\/\/literariacentro.org\/revista-4\/novela-revolucion\/","url":"https:\/\/literariacentro.org\/revista-4\/novela-revolucion\/","name":"#4. Novela de la Revoluci\u00f3n - Revista Literaria","isPartOf":{"@id":"https:\/\/literariacentro.org\/revista-4\/#website"},"primaryImageOfPage":{"@id":"https:\/\/literariacentro.org\/revista-4\/novela-revolucion\/#primaryimage"},"image":{"@id":"https:\/\/literariacentro.org\/revista-4\/novela-revolucion\/#primaryimage"},"thumbnailUrl":"https:\/\/literariacentro.org\/revista-4\/wp-content\/uploads\/2024\/11\/Indice.jpg","datePublished":"2021-06-27T00:41:35+00:00","dateModified":"2024-12-16T00:14:09+00:00","breadcrumb":{"@id":"https:\/\/literariacentro.org\/revista-4\/novela-revolucion\/#breadcrumb"},"inLanguage":"es","potentialAction":[{"@type":"ReadAction","target":["https:\/\/literariacentro.org\/revista-4\/novela-revolucion\/"]}]},{"@type":"ImageObject","inLanguage":"es","@id":"https:\/\/literariacentro.org\/revista-4\/novela-revolucion\/#primaryimage","url":"https:\/\/literariacentro.org\/revista-4\/wp-content\/uploads\/2024\/11\/Indice.jpg","contentUrl":"https:\/\/literariacentro.org\/revista-4\/wp-content\/uploads\/2024\/11\/Indice.jpg","width":2334,"height":1252},{"@type":"BreadcrumbList","@id":"https:\/\/literariacentro.org\/revista-4\/novela-revolucion\/#breadcrumb","itemListElement":[{"@type":"ListItem","position":1,"name":"Inicio","item":"https:\/\/literariacentro.org\/revista-4\/"},{"@type":"ListItem","position":2,"name":"#4. Novela de la Revoluci\u00f3n"}]},{"@type":"WebSite","@id":"https:\/\/literariacentro.org\/revista-4\/#website","url":"https:\/\/literariacentro.org\/revista-4\/","name":"Revista Literaria","description":"Expresi&oacute;n de nuestra comunidad","publisher":{"@id":"https:\/\/literariacentro.org\/revista-4\/#organization"},"potentialAction":[{"@type":"SearchAction","target":{"@type":"EntryPoint","urlTemplate":"https:\/\/literariacentro.org\/revista-4\/?s={search_term_string}"},"query-input":{"@type":"PropertyValueSpecification","valueRequired":true,"valueName":"search_term_string"}}],"inLanguage":"es"},{"@type":"Organization","@id":"https:\/\/literariacentro.org\/revista-4\/#organization","name":"Literaria Centro Mexicano de Escritores","url":"https:\/\/literariacentro.org\/revista-4\/","logo":{"@type":"ImageObject","inLanguage":"es","@id":"https:\/\/literariacentro.org\/revista-4\/#\/schema\/logo\/image\/","url":"http:\/\/literariacentro.org\/revista-4\/wp-content\/uploads\/2021\/03\/cropped-cropped-literaria1-1.png","contentUrl":"http:\/\/literariacentro.org\/revista-4\/wp-content\/uploads\/2021\/03\/cropped-cropped-literaria1-1.png","width":1768,"height":582,"caption":"Literaria Centro Mexicano de Escritores"},"image":{"@id":"https:\/\/literariacentro.org\/revista-4\/#\/schema\/logo\/image\/"},"sameAs":["https:\/\/www.facebook.com\/LiterariaCentro"]}]}},"_links":{"self":[{"href":"https:\/\/literariacentro.org\/revista-4\/wp-json\/wp\/v2\/pages\/278","targetHints":{"allow":["GET"]}}],"collection":[{"href":"https:\/\/literariacentro.org\/revista-4\/wp-json\/wp\/v2\/pages"}],"about":[{"href":"https:\/\/literariacentro.org\/revista-4\/wp-json\/wp\/v2\/types\/page"}],"author":[{"embeddable":true,"href":"https:\/\/literariacentro.org\/revista-4\/wp-json\/wp\/v2\/users\/1"}],"replies":[{"embeddable":true,"href":"https:\/\/literariacentro.org\/revista-4\/wp-json\/wp\/v2\/comments?post=278"}],"version-history":[{"count":82,"href":"https:\/\/literariacentro.org\/revista-4\/wp-json\/wp\/v2\/pages\/278\/revisions"}],"predecessor-version":[{"id":583,"href":"https:\/\/literariacentro.org\/revista-4\/wp-json\/wp\/v2\/pages\/278\/revisions\/583"}],"wp:featuredmedia":[{"embeddable":true,"href":"https:\/\/literariacentro.org\/revista-4\/wp-json\/wp\/v2\/media\/549"}],"wp:attachment":[{"href":"https:\/\/literariacentro.org\/revista-4\/wp-json\/wp\/v2\/media?parent=278"}],"curies":[{"name":"wp","href":"https:\/\/api.w.org\/{rel}","templated":true}]}}