{"id":403,"date":"2022-03-30T00:12:21","date_gmt":"2022-03-30T00:12:21","guid":{"rendered":"http:\/\/literariacentro.org\/revista-4\/?page_id=403"},"modified":"2022-03-30T03:37:19","modified_gmt":"2022-03-30T03:37:19","slug":"revista-literaria","status":"publish","type":"page","link":"https:\/\/literariacentro.org\/revista-4\/revista-literaria\/","title":{"rendered":"Revista"},"content":{"rendered":"<header class=\"entry-header\"><\/header>\r\n<div class=\"entry-content\">\r\n<div class=\"wp-block-columns\">\r\n<div class=\"wp-block-column\">\r\n<div class=\"wp-block-image\">\r\n<figure class=\"aligncenter size-large is-resized\">\r\n<p style=\"text-align: justify;\"><span style=\"font-family: 'book antiqua', palatino, serif; font-size: 14pt;\">Literaria Centro Mexicano de Escritores cumple cinco a\u00f1os. No hay mejor manera de festejarlos que publicar los mejores textos de los escritores que se han graduado en esta escuela, as\u00ed como los de quienes actualmente cursan el <a href=\"https:\/\/www.literariacentro.org\/comienza-a-escribir\/\">Diplomado en escritura literaria<\/a>.<\/span><\/p>\r\n<span style=\"font-family: 'book antiqua', palatino, serif; font-size: 14pt;\"><!-- \/wp:paragraph -->\r\n\r\n<!-- wp:paragraph --><\/span>\r\n<p style=\"text-align: justify;\"><span style=\"font-family: 'book antiqua', palatino, serif; font-size: 14pt;\">Poes\u00eda, cuento, novela, teatro, mitolog\u00eda y fenomenolog\u00eda del imaginario son la base de nuestro plan de estudios. La poes\u00eda nos enriquece con im\u00e1genes y emoci\u00f3n; la dramaturgia permite construir personajes multidimensionales; la mitolog\u00eda brinda al escritor los s\u00edmbolos que toda cultura comparte y la fenomenolog\u00eda del imaginario se adentra en las visiones profundas de nuestro psiquismo.<\/span><\/p>\r\n<span style=\"font-family: 'book antiqua', palatino, serif; font-size: 14pt;\"><!-- \/wp:paragraph -->\r\n\r\n<!-- wp:paragraph {\"textColor\":\"black\"} --><\/span>\r\n<p class=\"has-black-color has-text-color\" style=\"text-align: justify;\"><span style=\"font-family: 'book antiqua', palatino, serif; font-size: 14pt;\">Literaria te acompa\u00f1a en tu aventura.<\/span><\/p>\r\n<!-- \/wp:paragraph -->\r\n\r\n<!-- wp:paragraph --><!-- \/wp:paragraph -->\r\n\r\n<!-- wp:image {\"align\":\"center\",\"id\":1922} -->\r\n<div class=\"wp-block-image\">\r\n<figure class=\"aligncenter\"><img decoding=\"async\" class=\"wp-image-1922\" src=\"https:\/\/www.literariacentro.org\/wp-content\/uploads\/2017\/06\/Screen-Shot-2017-06-01-at-1.15.03-PM-300x300.png\" alt=\"\" \/><\/figure>\r\n<\/div>\r\n<!-- \/wp:image -->\r\n\r\n<!-- wp:paragraph {\"align\":\"center\"} -->\r\n<p class=\"has-text-align-center\"><strong>Fotograf\u00edas:<\/strong> Mario Gonz\u00e1lez Su\u00e1rez<\/p>\r\n<!-- \/wp:paragraph -->\r\n\r\n<!-- wp:paragraph {\"align\":\"center\"} -->\r\n<p class=\"has-text-align-center\">Todos los derechos reservados \u00a9<\/p>\r\n<!-- \/wp:paragraph -->\r\n\r\n<!-- wp:paragraph {\"align\":\"center\"} -->\r\n<p class=\"has-text-align-center\">\u00a0Literaria colabora con:<\/p>\r\n<!-- \/wp:paragraph -->\r\n\r\n<!-- wp:columns -->\r\n<div class=\"wp-block-columns\"><!-- wp:column -->\r\n<div class=\"wp-block-column\"><!-- wp:image {\"align\":\"center\",\"id\":105,\"width\":86,\"height\":86,\"sizeSlug\":\"large\",\"linkDestination\":\"none\"} -->\r\n<div class=\"wp-block-image\">\r\n<figure class=\"aligncenter size-large is-resized\"><img loading=\"lazy\" decoding=\"async\" class=\"wp-image-105\" src=\"https:\/\/www.literariacentro.org\/revista-literaria\/wp-content\/uploads\/2021\/03\/68720194_551366988735604_7959031156375027712_n-2.png\" alt=\"\" width=\"86\" height=\"86\" srcset=\"https:\/\/literariacentro.org\/revista-4\/wp-content\/uploads\/2021\/03\/68720194_551366988735604_7959031156375027712_n-2.png 320w, https:\/\/literariacentro.org\/revista-4\/wp-content\/uploads\/2021\/03\/68720194_551366988735604_7959031156375027712_n-2-300x300.png 300w, https:\/\/literariacentro.org\/revista-4\/wp-content\/uploads\/2021\/03\/68720194_551366988735604_7959031156375027712_n-2-150x150.png 150w\" sizes=\"auto, (max-width: 86px) 100vw, 86px\" \/><\/figure>\r\n<\/div>\r\n<!-- \/wp:image --><\/div>\r\n<!-- \/wp:column -->\r\n\r\n<!-- wp:column -->\r\n<div class=\"wp-block-column\"><!-- wp:image {\"align\":\"center\",\"id\":106,\"width\":101,\"height\":101,\"sizeSlug\":\"large\",\"linkDestination\":\"none\"} -->\r\n<div class=\"wp-block-image\">\r\n<figure class=\"aligncenter size-large is-resized\"><img loading=\"lazy\" decoding=\"async\" class=\"wp-image-106\" src=\"https:\/\/www.literariacentro.org\/revista-literaria\/wp-content\/uploads\/2021\/03\/EME_negro-510x510-1.jpeg\" alt=\"\" width=\"101\" height=\"101\" srcset=\"https:\/\/literariacentro.org\/revista-4\/wp-content\/uploads\/2021\/03\/EME_negro-510x510-1.jpeg 510w, https:\/\/literariacentro.org\/revista-4\/wp-content\/uploads\/2021\/03\/EME_negro-510x510-1-300x300.jpeg 300w, https:\/\/literariacentro.org\/revista-4\/wp-content\/uploads\/2021\/03\/EME_negro-510x510-1-150x150.jpeg 150w\" sizes=\"auto, (max-width: 101px) 100vw, 101px\" \/><\/figure>\r\n<\/div>\r\n<!-- \/wp:image --><\/div>\r\n<!-- \/wp:column -->\r\n\r\n<!-- wp:column -->\r\n<div class=\"wp-block-column\"><!-- wp:image {\"align\":\"center\",\"id\":107,\"width\":130,\"height\":121,\"sizeSlug\":\"large\",\"linkDestination\":\"none\"} -->\r\n<div class=\"wp-block-image\">\r\n<figure class=\"aligncenter size-large is-resized\"><img loading=\"lazy\" decoding=\"async\" class=\"wp-image-107\" src=\"https:\/\/www.literariacentro.org\/revista-literaria\/wp-content\/uploads\/2021\/03\/Tinta-chida-510x477-1.jpeg\" alt=\"\" width=\"130\" height=\"121\" srcset=\"https:\/\/literariacentro.org\/revista-4\/wp-content\/uploads\/2021\/03\/Tinta-chida-510x477-1.jpeg 510w, https:\/\/literariacentro.org\/revista-4\/wp-content\/uploads\/2021\/03\/Tinta-chida-510x477-1-300x281.jpeg 300w\" sizes=\"auto, (max-width: 130px) 100vw, 130px\" \/><\/figure>\r\n<\/div>\r\n<!-- \/wp:image -->\r\n\r\n<!-- wp:paragraph --><!-- \/wp:paragraph --><\/div>\r\n<!-- \/wp:column --><\/div>\r\n<!-- \/wp:columns -->\r\n\r\n<!-- wp:paragraph -->\u00a0<\/figure>\r\n<\/div>\r\n\u00a0<\/div>\r\n<\/div>\r\n<\/div>","protected":false},"excerpt":{"rendered":"<p>Literaria Centro Mexicano de Escritores cumple cinco a\u00f1os. No hay mejor manera de festejarlos que publicar los mejores textos de los escritores que se han graduado en esta escuela, as\u00ed como los de quienes actualmente cursan el Diplomado en escritura literaria. Poes\u00eda, cuento, novela, teatro, mitolog\u00eda y fenomenolog\u00eda del imaginario son la base de nuestro [&hellip;]<\/p>\n","protected":false},"author":1,"featured_media":0,"parent":0,"menu_order":0,"comment_status":"closed","ping_status":"closed","template":"","meta":{"footnotes":""},"class_list":["post-403","page","type-page","status-publish","hentry"],"yoast_head":"<!-- This site is optimized with the Yoast SEO plugin v26.7 - https:\/\/yoast.com\/wordpress\/plugins\/seo\/ -->\n<title>Revista - Revista Literaria<\/title>\n<meta name=\"robots\" content=\"index, follow, max-snippet:-1, max-image-preview:large, max-video-preview:-1\" \/>\n<link rel=\"canonical\" href=\"http:\/\/literariacentro.org\/revista-4\/revista-literaria\/\" \/>\n<meta property=\"og:locale\" content=\"es_ES\" \/>\n<meta property=\"og:type\" content=\"article\" \/>\n<meta property=\"og:title\" content=\"Revista - Revista Literaria\" \/>\n<meta property=\"og:description\" content=\"Literaria Centro Mexicano de Escritores cumple cinco a\u00f1os. No hay mejor manera de festejarlos que publicar los mejores textos de los escritores que se han graduado en esta escuela, as\u00ed como los de quienes actualmente cursan el Diplomado en escritura literaria. Poes\u00eda, cuento, novela, teatro, mitolog\u00eda y fenomenolog\u00eda del imaginario son la base de nuestro [&hellip;]\" \/>\n<meta property=\"og:url\" content=\"http:\/\/literariacentro.org\/revista-4\/revista-literaria\/\" \/>\n<meta property=\"og:site_name\" content=\"Revista Literaria\" \/>\n<meta property=\"article:publisher\" content=\"https:\/\/www.facebook.com\/LiterariaCentro\" \/>\n<meta property=\"article:modified_time\" content=\"2022-03-30T03:37:19+00:00\" \/>\n<meta property=\"og:image\" content=\"https:\/\/www.literariacentro.org\/wp-content\/uploads\/2017\/06\/Screen-Shot-2017-06-01-at-1.15.03-PM-300x300.png\" \/>\n<meta name=\"twitter:card\" content=\"summary_large_image\" \/>\n<meta name=\"twitter:label1\" content=\"Tiempo de lectura\" \/>\n\t<meta name=\"twitter:data1\" content=\"1 minuto\" \/>\n<script type=\"application\/ld+json\" class=\"yoast-schema-graph\">{\"@context\":\"https:\/\/schema.org\",\"@graph\":[{\"@type\":\"WebPage\",\"@id\":\"http:\/\/literariacentro.org\/revista-4\/revista-literaria\/\",\"url\":\"http:\/\/literariacentro.org\/revista-4\/revista-literaria\/\",\"name\":\"Revista - Revista Literaria\",\"isPartOf\":{\"@id\":\"https:\/\/literariacentro.org\/revista-4\/#website\"},\"primaryImageOfPage\":{\"@id\":\"http:\/\/literariacentro.org\/revista-4\/revista-literaria\/#primaryimage\"},\"image\":{\"@id\":\"http:\/\/literariacentro.org\/revista-4\/revista-literaria\/#primaryimage\"},\"thumbnailUrl\":\"https:\/\/www.literariacentro.org\/wp-content\/uploads\/2017\/06\/Screen-Shot-2017-06-01-at-1.15.03-PM-300x300.png\",\"datePublished\":\"2022-03-30T00:12:21+00:00\",\"dateModified\":\"2022-03-30T03:37:19+00:00\",\"breadcrumb\":{\"@id\":\"http:\/\/literariacentro.org\/revista-4\/revista-literaria\/#breadcrumb\"},\"inLanguage\":\"es\",\"potentialAction\":[{\"@type\":\"ReadAction\",\"target\":[\"http:\/\/literariacentro.org\/revista-4\/revista-literaria\/\"]}]},{\"@type\":\"ImageObject\",\"inLanguage\":\"es\",\"@id\":\"http:\/\/literariacentro.org\/revista-4\/revista-literaria\/#primaryimage\",\"url\":\"https:\/\/www.literariacentro.org\/wp-content\/uploads\/2017\/06\/Screen-Shot-2017-06-01-at-1.15.03-PM-300x300.png\",\"contentUrl\":\"https:\/\/www.literariacentro.org\/wp-content\/uploads\/2017\/06\/Screen-Shot-2017-06-01-at-1.15.03-PM-300x300.png\"},{\"@type\":\"BreadcrumbList\",\"@id\":\"http:\/\/literariacentro.org\/revista-4\/revista-literaria\/#breadcrumb\",\"itemListElement\":[{\"@type\":\"ListItem\",\"position\":1,\"name\":\"Inicio\",\"item\":\"https:\/\/literariacentro.org\/revista-4\/\"},{\"@type\":\"ListItem\",\"position\":2,\"name\":\"Revista\"}]},{\"@type\":\"WebSite\",\"@id\":\"https:\/\/literariacentro.org\/revista-4\/#website\",\"url\":\"https:\/\/literariacentro.org\/revista-4\/\",\"name\":\"Revista Literaria\",\"description\":\"Expresi&oacute;n de nuestra comunidad\",\"publisher\":{\"@id\":\"https:\/\/literariacentro.org\/revista-4\/#organization\"},\"potentialAction\":[{\"@type\":\"SearchAction\",\"target\":{\"@type\":\"EntryPoint\",\"urlTemplate\":\"https:\/\/literariacentro.org\/revista-4\/?s={search_term_string}\"},\"query-input\":{\"@type\":\"PropertyValueSpecification\",\"valueRequired\":true,\"valueName\":\"search_term_string\"}}],\"inLanguage\":\"es\"},{\"@type\":\"Organization\",\"@id\":\"https:\/\/literariacentro.org\/revista-4\/#organization\",\"name\":\"Literaria Centro Mexicano de Escritores\",\"url\":\"https:\/\/literariacentro.org\/revista-4\/\",\"logo\":{\"@type\":\"ImageObject\",\"inLanguage\":\"es\",\"@id\":\"https:\/\/literariacentro.org\/revista-4\/#\/schema\/logo\/image\/\",\"url\":\"http:\/\/literariacentro.org\/revista-4\/wp-content\/uploads\/2021\/03\/cropped-cropped-literaria1-1.png\",\"contentUrl\":\"http:\/\/literariacentro.org\/revista-4\/wp-content\/uploads\/2021\/03\/cropped-cropped-literaria1-1.png\",\"width\":1768,\"height\":582,\"caption\":\"Literaria Centro Mexicano de Escritores\"},\"image\":{\"@id\":\"https:\/\/literariacentro.org\/revista-4\/#\/schema\/logo\/image\/\"},\"sameAs\":[\"https:\/\/www.facebook.com\/LiterariaCentro\"]}]}<\/script>\n<!-- \/ Yoast SEO plugin. -->","yoast_head_json":{"title":"Revista - Revista Literaria","robots":{"index":"index","follow":"follow","max-snippet":"max-snippet:-1","max-image-preview":"max-image-preview:large","max-video-preview":"max-video-preview:-1"},"canonical":"http:\/\/literariacentro.org\/revista-4\/revista-literaria\/","og_locale":"es_ES","og_type":"article","og_title":"Revista - Revista Literaria","og_description":"Literaria Centro Mexicano de Escritores cumple cinco a\u00f1os. No hay mejor manera de festejarlos que publicar los mejores textos de los escritores que se han graduado en esta escuela, as\u00ed como los de quienes actualmente cursan el Diplomado en escritura literaria. Poes\u00eda, cuento, novela, teatro, mitolog\u00eda y fenomenolog\u00eda del imaginario son la base de nuestro [&hellip;]","og_url":"http:\/\/literariacentro.org\/revista-4\/revista-literaria\/","og_site_name":"Revista Literaria","article_publisher":"https:\/\/www.facebook.com\/LiterariaCentro","article_modified_time":"2022-03-30T03:37:19+00:00","og_image":[{"url":"https:\/\/www.literariacentro.org\/wp-content\/uploads\/2017\/06\/Screen-Shot-2017-06-01-at-1.15.03-PM-300x300.png","type":"","width":"","height":""}],"twitter_card":"summary_large_image","twitter_misc":{"Tiempo de lectura":"1 minuto"},"schema":{"@context":"https:\/\/schema.org","@graph":[{"@type":"WebPage","@id":"http:\/\/literariacentro.org\/revista-4\/revista-literaria\/","url":"http:\/\/literariacentro.org\/revista-4\/revista-literaria\/","name":"Revista - Revista Literaria","isPartOf":{"@id":"https:\/\/literariacentro.org\/revista-4\/#website"},"primaryImageOfPage":{"@id":"http:\/\/literariacentro.org\/revista-4\/revista-literaria\/#primaryimage"},"image":{"@id":"http:\/\/literariacentro.org\/revista-4\/revista-literaria\/#primaryimage"},"thumbnailUrl":"https:\/\/www.literariacentro.org\/wp-content\/uploads\/2017\/06\/Screen-Shot-2017-06-01-at-1.15.03-PM-300x300.png","datePublished":"2022-03-30T00:12:21+00:00","dateModified":"2022-03-30T03:37:19+00:00","breadcrumb":{"@id":"http:\/\/literariacentro.org\/revista-4\/revista-literaria\/#breadcrumb"},"inLanguage":"es","potentialAction":[{"@type":"ReadAction","target":["http:\/\/literariacentro.org\/revista-4\/revista-literaria\/"]}]},{"@type":"ImageObject","inLanguage":"es","@id":"http:\/\/literariacentro.org\/revista-4\/revista-literaria\/#primaryimage","url":"https:\/\/www.literariacentro.org\/wp-content\/uploads\/2017\/06\/Screen-Shot-2017-06-01-at-1.15.03-PM-300x300.png","contentUrl":"https:\/\/www.literariacentro.org\/wp-content\/uploads\/2017\/06\/Screen-Shot-2017-06-01-at-1.15.03-PM-300x300.png"},{"@type":"BreadcrumbList","@id":"http:\/\/literariacentro.org\/revista-4\/revista-literaria\/#breadcrumb","itemListElement":[{"@type":"ListItem","position":1,"name":"Inicio","item":"https:\/\/literariacentro.org\/revista-4\/"},{"@type":"ListItem","position":2,"name":"Revista"}]},{"@type":"WebSite","@id":"https:\/\/literariacentro.org\/revista-4\/#website","url":"https:\/\/literariacentro.org\/revista-4\/","name":"Revista Literaria","description":"Expresi&oacute;n de nuestra comunidad","publisher":{"@id":"https:\/\/literariacentro.org\/revista-4\/#organization"},"potentialAction":[{"@type":"SearchAction","target":{"@type":"EntryPoint","urlTemplate":"https:\/\/literariacentro.org\/revista-4\/?s={search_term_string}"},"query-input":{"@type":"PropertyValueSpecification","valueRequired":true,"valueName":"search_term_string"}}],"inLanguage":"es"},{"@type":"Organization","@id":"https:\/\/literariacentro.org\/revista-4\/#organization","name":"Literaria Centro Mexicano de Escritores","url":"https:\/\/literariacentro.org\/revista-4\/","logo":{"@type":"ImageObject","inLanguage":"es","@id":"https:\/\/literariacentro.org\/revista-4\/#\/schema\/logo\/image\/","url":"http:\/\/literariacentro.org\/revista-4\/wp-content\/uploads\/2021\/03\/cropped-cropped-literaria1-1.png","contentUrl":"http:\/\/literariacentro.org\/revista-4\/wp-content\/uploads\/2021\/03\/cropped-cropped-literaria1-1.png","width":1768,"height":582,"caption":"Literaria Centro Mexicano de Escritores"},"image":{"@id":"https:\/\/literariacentro.org\/revista-4\/#\/schema\/logo\/image\/"},"sameAs":["https:\/\/www.facebook.com\/LiterariaCentro"]}]}},"_links":{"self":[{"href":"https:\/\/literariacentro.org\/revista-4\/wp-json\/wp\/v2\/pages\/403","targetHints":{"allow":["GET"]}}],"collection":[{"href":"https:\/\/literariacentro.org\/revista-4\/wp-json\/wp\/v2\/pages"}],"about":[{"href":"https:\/\/literariacentro.org\/revista-4\/wp-json\/wp\/v2\/types\/page"}],"author":[{"embeddable":true,"href":"https:\/\/literariacentro.org\/revista-4\/wp-json\/wp\/v2\/users\/1"}],"replies":[{"embeddable":true,"href":"https:\/\/literariacentro.org\/revista-4\/wp-json\/wp\/v2\/comments?post=403"}],"version-history":[{"count":3,"href":"https:\/\/literariacentro.org\/revista-4\/wp-json\/wp\/v2\/pages\/403\/revisions"}],"predecessor-version":[{"id":414,"href":"https:\/\/literariacentro.org\/revista-4\/wp-json\/wp\/v2\/pages\/403\/revisions\/414"}],"wp:attachment":[{"href":"https:\/\/literariacentro.org\/revista-4\/wp-json\/wp\/v2\/media?parent=403"}],"curies":[{"name":"wp","href":"https:\/\/api.w.org\/{rel}","templated":true}]}}